{"id":24,"date":"2024-12-02T14:26:13","date_gmt":"2024-12-02T14:26:13","guid":{"rendered":"https:\/\/wp.hallorokland.com\/?post_type=product&#038;p=24"},"modified":"2025-12-18T22:26:01","modified_gmt":"2025-12-18T22:26:01","slug":"fjolnota-ljos-i-utivist","status":"publish","type":"product","link":"https:\/\/hallorokland.com\/?product=fjolnota-ljos-i-utivist","title":{"rendered":"Fj\u00f6lnota lj\u00f3s \u00ed \u00fativist"},"content":{"rendered":"<h1>Verum s\u00fdnileg \u00ed myrkrinu<\/h1>\n<p><strong>Sj\u00e1umst! lj\u00f3s<\/strong> eru fj\u00f6lnota lj\u00f3s \u00ed \u00fativist. Lj\u00f3si\u00f0 er rautt me\u00f0 g\u00f3\u00f0um styrkleika sem \u00a0eykur s\u00fdnileika okkar \u00fati \u00feegar fari\u00f0 er a\u00f0 dimma.<\/p>\n<h5><\/h5>\n<p><img loading=\"lazy\" decoding=\"async\" class=\"aligncenter wp-image-82 size-large\" src=\"https:\/\/wp.hallorokland.com\/wp-content\/uploads\/2024\/12\/Screenshot-2024-12-02-at-13.52.37-1024x231.png\" alt=\"\" width=\"676\" height=\"152\" srcset=\"https:\/\/hallorokland.com\/wp-content\/uploads\/2024\/12\/Screenshot-2024-12-02-at-13.52.37-1024x231.png 1024w, https:\/\/hallorokland.com\/wp-content\/uploads\/2024\/12\/Screenshot-2024-12-02-at-13.52.37-300x68.png 300w, https:\/\/hallorokland.com\/wp-content\/uploads\/2024\/12\/Screenshot-2024-12-02-at-13.52.37-768x174.png 768w, https:\/\/hallorokland.com\/wp-content\/uploads\/2024\/12\/Screenshot-2024-12-02-at-13.52.37-676x153.png 676w, https:\/\/hallorokland.com\/wp-content\/uploads\/2024\/12\/Screenshot-2024-12-02-at-13.52.37-600x136.png 600w, https:\/\/hallorokland.com\/wp-content\/uploads\/2024\/12\/Screenshot-2024-12-02-at-13.52.37.png 1323w\" sizes=\"auto, (max-width: 676px) 100vw, 676px\" \/><\/p>\n<h5><\/h5>\n<p>Henta \u00ed alls konar hreyfingu, t.a.m. \u00feegar vi\u00f0 erum \u00fati a\u00f0 ganga, hlaupa, hj\u00f3la, leika, \u00e1 hj\u00f3labrettinu, \u00e1 hestbaki, \u00ed fjallg\u00f6ngu. Henta fullor\u00f0num jafnt sem b\u00f6rnum.<\/p>\n<h5><\/h5>\n<p>\u00cd myndbrotinu h\u00e9r a\u00f0 ne\u00f0an m\u00e1 sj\u00e1 mun \u00e1 s\u00fdnileika me\u00f0 og \u00e1n lj\u00f3sa.<\/p>\n<h5><\/h5>\n<div style=\"width: 676px;\" class=\"wp-video\"><video class=\"wp-video-shortcode\" id=\"video-24-1\" width=\"676\" height=\"380\" preload=\"metadata\" controls=\"controls\"><source type=\"video\/mp4\" src=\"https:\/\/wp.hallorokland.com\/wp-content\/uploads\/2024\/11\/sjaumst.mp4?_=1\" \/><a href=\"https:\/\/wp.hallorokland.com\/wp-content\/uploads\/2024\/11\/sjaumst.mp4\">https:\/\/wp.hallorokland.com\/wp-content\/uploads\/2024\/11\/sjaumst.mp4<\/a><\/video><\/div>\n<h5><\/h5>\n<p>Lj\u00f3sin eru U-laga og h\u00e6gt er a\u00f0 klemma \u00feau b\u00e6\u00f0i aftan \u00e1 sk\u00f3na e\u00f0a utan um \u00falnli\u00f0 e\u00f0a \u00fear sem passar \u00fe\u00e9r.<\/p>\n<ul>\n<li>Passa \u00e1 flesta sk\u00f3 sem eru me\u00f0 breiddarbil h\u00e6ls 6-8,5 cm<\/li>\n<li>\u00deola blaut ve\u00f0ur vel<\/li>\n<li>Tv\u00e6r lj\u00f3sastillingar, st\u00f6\u00f0ug e\u00f0a blikkandi<\/li>\n<li>Lj\u00f3sin innihalda tv\u00e6r CR2032 rafhl\u00f6\u00f0ur. \u00de\u00e6r duga misvel en h\u00e6gt er a\u00f0 skipta um rafhl\u00f6\u00f0u og g\u00f3\u00f0ar rafhl\u00f6\u00f0ur duga \u00ed allt a\u00f0 100 klst.<\/li>\n<\/ul>\n<h5><\/h5>\n<p>&nbsp;<\/p>\n<p><img loading=\"lazy\" decoding=\"async\" class=\"aligncenter wp-image-81 size-large\" src=\"https:\/\/wp.hallorokland.com\/wp-content\/uploads\/2024\/12\/Screenshot-2024-12-02-at-13.53.01-1024x444.png\" alt=\"\" width=\"676\" height=\"293\" srcset=\"https:\/\/hallorokland.com\/wp-content\/uploads\/2024\/12\/Screenshot-2024-12-02-at-13.53.01-1024x444.png 1024w, https:\/\/hallorokland.com\/wp-content\/uploads\/2024\/12\/Screenshot-2024-12-02-at-13.53.01-300x130.png 300w, https:\/\/hallorokland.com\/wp-content\/uploads\/2024\/12\/Screenshot-2024-12-02-at-13.53.01-768x333.png 768w, https:\/\/hallorokland.com\/wp-content\/uploads\/2024\/12\/Screenshot-2024-12-02-at-13.53.01-1536x665.png 1536w, https:\/\/hallorokland.com\/wp-content\/uploads\/2024\/12\/Screenshot-2024-12-02-at-13.53.01-676x293.png 676w, https:\/\/hallorokland.com\/wp-content\/uploads\/2024\/12\/Screenshot-2024-12-02-at-13.53.01-600x260.png 600w, https:\/\/hallorokland.com\/wp-content\/uploads\/2024\/12\/Screenshot-2024-12-02-at-13.53.01.png 1660w\" sizes=\"auto, (max-width: 676px) 100vw, 676px\" \/><\/p>\n<h5><\/h5>\n<p>H\u00e6gt er a\u00f0 kaupa lj\u00f3sin h\u00e9r \u00ed vefverslun okkar, ver\u00f0 \u00e1 lj\u00f3si er 2.900 kr. og sendingarkostna\u00f0ur leggst ofan \u00e1 v\u00f6ruver\u00f0. Varan er send me\u00f0 Dropp og viljum vi\u00f0 vekja athygli \u00e1 \u00fev\u00ed a\u00f0 \u00fea\u00f0 er eitt og sama sendingargjald hvort sem keypt er eitt stykki e\u00f0a fleiri \u00e1 sama t\u00edma.<\/p>\n<h5><\/h5>\n<p>&nbsp;<\/p>\n\n\t\t<style type=\"text\/css\">\n\t\t\t#gallery-1 {\n\t\t\t\tmargin: auto;\n\t\t\t}\n\t\t\t#gallery-1 .gallery-item {\n\t\t\t\tfloat: left;\n\t\t\t\tmargin-top: 10px;\n\t\t\t\ttext-align: center;\n\t\t\t\twidth: 33%;\n\t\t\t}\n\t\t\t#gallery-1 img {\n\t\t\t\tborder: 2px solid #cfcfcf;\n\t\t\t}\n\t\t\t#gallery-1 .gallery-caption {\n\t\t\t\tmargin-left: 0;\n\t\t\t}\n\t\t\t\/* see gallery_shortcode() in wp-includes\/media.php *\/\n\t\t<\/style>\n\t\t<div id='gallery-1' class='gallery galleryid-24 gallery-columns-3 gallery-size-thumbnail'><dl class='gallery-item'>\n\t\t\t<dt class='gallery-icon landscape'>\n\t\t\t\t<a href='https:\/\/hallorokland.com\/?attachment_id=30'><img loading=\"lazy\" decoding=\"async\" width=\"150\" height=\"150\" src=\"https:\/\/hallorokland.com\/wp-content\/uploads\/2024\/12\/image-5-150x150.jpeg\" class=\"attachment-thumbnail size-thumbnail\" alt=\"\" srcset=\"https:\/\/hallorokland.com\/wp-content\/uploads\/2024\/12\/image-5-150x150.jpeg 150w, https:\/\/hallorokland.com\/wp-content\/uploads\/2024\/12\/image-5-300x300.jpeg 300w, https:\/\/hallorokland.com\/wp-content\/uploads\/2024\/12\/image-5-600x600.jpeg 600w, https:\/\/hallorokland.com\/wp-content\/uploads\/2024\/12\/image-5-100x100.jpeg 100w, https:\/\/hallorokland.com\/wp-content\/uploads\/2024\/12\/image-5.jpeg 666w\" sizes=\"auto, (max-width: 150px) 100vw, 150px\" \/><\/a>\n\t\t\t<\/dt><\/dl><dl class='gallery-item'>\n\t\t\t<dt class='gallery-icon landscape'>\n\t\t\t\t<a href='https:\/\/hallorokland.com\/?attachment_id=29'><img loading=\"lazy\" decoding=\"async\" width=\"150\" height=\"150\" src=\"https:\/\/hallorokland.com\/wp-content\/uploads\/2024\/12\/image-4-150x150.jpeg\" class=\"attachment-thumbnail size-thumbnail\" alt=\"\" srcset=\"https:\/\/hallorokland.com\/wp-content\/uploads\/2024\/12\/image-4-150x150.jpeg 150w, https:\/\/hallorokland.com\/wp-content\/uploads\/2024\/12\/image-4-300x300.jpeg 300w, https:\/\/hallorokland.com\/wp-content\/uploads\/2024\/12\/image-4-1024x1024.jpeg 1024w, https:\/\/hallorokland.com\/wp-content\/uploads\/2024\/12\/image-4-768x768.jpeg 768w, https:\/\/hallorokland.com\/wp-content\/uploads\/2024\/12\/image-4-676x676.jpeg 676w, https:\/\/hallorokland.com\/wp-content\/uploads\/2024\/12\/image-4-600x600.jpeg 600w, https:\/\/hallorokland.com\/wp-content\/uploads\/2024\/12\/image-4-100x100.jpeg 100w, https:\/\/hallorokland.com\/wp-content\/uploads\/2024\/12\/image-4.jpeg 1125w\" sizes=\"auto, (max-width: 150px) 100vw, 150px\" \/><\/a>\n\t\t\t<\/dt><\/dl><dl class='gallery-item'>\n\t\t\t<dt class='gallery-icon landscape'>\n\t\t\t\t<a href='https:\/\/hallorokland.com\/?attachment_id=28'><img loading=\"lazy\" decoding=\"async\" width=\"150\" height=\"150\" src=\"https:\/\/hallorokland.com\/wp-content\/uploads\/2024\/12\/image-3-150x150.jpeg\" class=\"attachment-thumbnail size-thumbnail\" alt=\"\" srcset=\"https:\/\/hallorokland.com\/wp-content\/uploads\/2024\/12\/image-3-150x150.jpeg 150w, https:\/\/hallorokland.com\/wp-content\/uploads\/2024\/12\/image-3-300x300.jpeg 300w, https:\/\/hallorokland.com\/wp-content\/uploads\/2024\/12\/image-3-1024x1024.jpeg 1024w, https:\/\/hallorokland.com\/wp-content\/uploads\/2024\/12\/image-3-768x768.jpeg 768w, https:\/\/hallorokland.com\/wp-content\/uploads\/2024\/12\/image-3-676x676.jpeg 676w, https:\/\/hallorokland.com\/wp-content\/uploads\/2024\/12\/image-3-600x600.jpeg 600w, https:\/\/hallorokland.com\/wp-content\/uploads\/2024\/12\/image-3-100x100.jpeg 100w, https:\/\/hallorokland.com\/wp-content\/uploads\/2024\/12\/image-3.jpeg 1454w\" sizes=\"auto, (max-width: 150px) 100vw, 150px\" \/><\/a>\n\t\t\t<\/dt><\/dl><br style=\"clear: both\" \/><dl class='gallery-item'>\n\t\t\t<dt class='gallery-icon landscape'>\n\t\t\t\t<a href='https:\/\/hallorokland.com\/?attachment_id=27'><img loading=\"lazy\" decoding=\"async\" width=\"150\" height=\"150\" src=\"https:\/\/hallorokland.com\/wp-content\/uploads\/2024\/12\/image-2-150x150.jpeg\" class=\"attachment-thumbnail size-thumbnail\" alt=\"\" srcset=\"https:\/\/hallorokland.com\/wp-content\/uploads\/2024\/12\/image-2-150x150.jpeg 150w, https:\/\/hallorokland.com\/wp-content\/uploads\/2024\/12\/image-2-300x300.jpeg 300w, https:\/\/hallorokland.com\/wp-content\/uploads\/2024\/12\/image-2-1024x1024.jpeg 1024w, https:\/\/hallorokland.com\/wp-content\/uploads\/2024\/12\/image-2-768x768.jpeg 768w, https:\/\/hallorokland.com\/wp-content\/uploads\/2024\/12\/image-2-676x676.jpeg 676w, https:\/\/hallorokland.com\/wp-content\/uploads\/2024\/12\/image-2-600x600.jpeg 600w, https:\/\/hallorokland.com\/wp-content\/uploads\/2024\/12\/image-2-100x100.jpeg 100w, https:\/\/hallorokland.com\/wp-content\/uploads\/2024\/12\/image-2.jpeg 1071w\" sizes=\"auto, (max-width: 150px) 100vw, 150px\" \/><\/a>\n\t\t\t<\/dt><\/dl><dl class='gallery-item'>\n\t\t\t<dt class='gallery-icon landscape'>\n\t\t\t\t<a href='https:\/\/hallorokland.com\/?attachment_id=26'><img loading=\"lazy\" decoding=\"async\" width=\"150\" height=\"150\" src=\"https:\/\/hallorokland.com\/wp-content\/uploads\/2024\/12\/image-1-150x150.jpeg\" class=\"attachment-thumbnail size-thumbnail\" alt=\"\" srcset=\"https:\/\/hallorokland.com\/wp-content\/uploads\/2024\/12\/image-1-150x150.jpeg 150w, https:\/\/hallorokland.com\/wp-content\/uploads\/2024\/12\/image-1-300x300.jpeg 300w, https:\/\/hallorokland.com\/wp-content\/uploads\/2024\/12\/image-1-1024x1024.jpeg 1024w, https:\/\/hallorokland.com\/wp-content\/uploads\/2024\/12\/image-1-768x768.jpeg 768w, https:\/\/hallorokland.com\/wp-content\/uploads\/2024\/12\/image-1-676x676.jpeg 676w, https:\/\/hallorokland.com\/wp-content\/uploads\/2024\/12\/image-1-600x600.jpeg 600w, https:\/\/hallorokland.com\/wp-content\/uploads\/2024\/12\/image-1-100x100.jpeg 100w, https:\/\/hallorokland.com\/wp-content\/uploads\/2024\/12\/image-1.jpeg 1070w\" sizes=\"auto, (max-width: 150px) 100vw, 150px\" \/><\/a>\n\t\t\t<\/dt><\/dl><dl class='gallery-item'>\n\t\t\t<dt class='gallery-icon landscape'>\n\t\t\t\t<a href='https:\/\/hallorokland.com\/?attachment_id=25'><img loading=\"lazy\" decoding=\"async\" width=\"150\" height=\"150\" src=\"https:\/\/hallorokland.com\/wp-content\/uploads\/2024\/12\/image-150x150.jpeg\" class=\"attachment-thumbnail size-thumbnail\" alt=\"\" srcset=\"https:\/\/hallorokland.com\/wp-content\/uploads\/2024\/12\/image-150x150.jpeg 150w, https:\/\/hallorokland.com\/wp-content\/uploads\/2024\/12\/image-300x300.jpeg 300w, https:\/\/hallorokland.com\/wp-content\/uploads\/2024\/12\/image-1024x1024.jpeg 1024w, https:\/\/hallorokland.com\/wp-content\/uploads\/2024\/12\/image-768x768.jpeg 768w, https:\/\/hallorokland.com\/wp-content\/uploads\/2024\/12\/image-676x676.jpeg 676w, https:\/\/hallorokland.com\/wp-content\/uploads\/2024\/12\/image-600x600.jpeg 600w, https:\/\/hallorokland.com\/wp-content\/uploads\/2024\/12\/image-100x100.jpeg 100w, https:\/\/hallorokland.com\/wp-content\/uploads\/2024\/12\/image.jpeg 1324w\" sizes=\"auto, (max-width: 150px) 100vw, 150px\" \/><\/a>\n\t\t\t<\/dt><\/dl><br style=\"clear: both\" \/>\n\t\t<\/div>\n\n<p>&nbsp;<\/p>\n","protected":false},"excerpt":{"rendered":"<p>Verum s\u00fdnileg \u00ed myrkrinu Sj\u00e1umst! lj\u00f3s eru fj\u00f6lnota lj\u00f3s \u00ed \u00fativist. Lj\u00f3si\u00f0 er rautt me\u00f0 g\u00f3\u00f0um styrkleika sem \u00a0eykur s\u00fdnileika okkar \u00fati \u00feegar fari\u00f0 er a\u00f0 dimma. Henta \u00ed alls konar hreyfingu, t.a.m. \u00feegar vi\u00f0 erum \u00fati a\u00f0 ganga, hlaupa, hj\u00f3la, leika, \u00e1 hj\u00f3labrettinu, \u00e1 hestbaki, \u00ed fjallg\u00f6ngu. Henta fullor\u00f0num jafnt sem b\u00f6rnum. \u00cd myndbrotinu [&hellip;]<\/p>\n","protected":false},"featured_media":15,"template":"","meta":[],"product_brand":[],"product_cat":[17],"product_tag":[],"class_list":{"0":"post-24","1":"product","2":"type-product","3":"status-publish","4":"has-post-thumbnail","6":"product_cat-utivist","7":"post-preview","9":"first","10":"instock","11":"taxable","12":"shipping-taxable","13":"purchasable","14":"product-type-simple"},"_links":{"self":[{"href":"https:\/\/hallorokland.com\/index.php?rest_route=\/wp\/v2\/product\/24","targetHints":{"allow":["GET"]}}],"collection":[{"href":"https:\/\/hallorokland.com\/index.php?rest_route=\/wp\/v2\/product"}],"about":[{"href":"https:\/\/hallorokland.com\/index.php?rest_route=\/wp\/v2\/types\/product"}],"wp:featuredmedia":[{"embeddable":true,"href":"https:\/\/hallorokland.com\/index.php?rest_route=\/wp\/v2\/media\/15"}],"wp:attachment":[{"href":"https:\/\/hallorokland.com\/index.php?rest_route=%2Fwp%2Fv2%2Fmedia&parent=24"}],"wp:term":[{"taxonomy":"product_brand","embeddable":true,"href":"https:\/\/hallorokland.com\/index.php?rest_route=%2Fwp%2Fv2%2Fproduct_brand&post=24"},{"taxonomy":"product_cat","embeddable":true,"href":"https:\/\/hallorokland.com\/index.php?rest_route=%2Fwp%2Fv2%2Fproduct_cat&post=24"},{"taxonomy":"product_tag","embeddable":true,"href":"https:\/\/hallorokland.com\/index.php?rest_route=%2Fwp%2Fv2%2Fproduct_tag&post=24"}],"curies":[{"name":"wp","href":"https:\/\/api.w.org\/{rel}","templated":true}]}}